{"id":2,"date":"2017-02-04T12:50:47","date_gmt":"2017-02-04T12:50:47","guid":{"rendered":"http:\/\/leichte.news\/?page_id=2"},"modified":"2017-02-07T22:34:39","modified_gmt":"2017-02-07T21:34:39","slug":"sample-page","status":"publish","type":"page","link":"https:\/\/leichte.news\/?page_id=2","title":{"rendered":"Impressum"},"content":{"rendered":"<p>In Marburg passieren viele Dinge. Dar\u00fcber sollen die Menschen schnell Bescheid wissen.<br \/>\nManche verstehen schwierige Texte aber nicht gut. Deshalb bringt <a href=\"http:\/\/marburg.news\">marburg.news<\/a> ganz wichtige Nachrichten auch in Leichter Sprache.<br \/>\nleichte.news ist die Schwester von marburg.news. Das ist eine Onlinezeitung f\u00fcr marburg.<br \/>\nVerantwortlich f\u00fcr die beiden Internetseiten ist Franz-Josef Hanke. Die meisten Texte in Leichter Sprache hat er auch selber geschrieben.<br \/>\nEr achtet sehr auf guten Journalismus. Trotzdem kann auch er einmal Fehler machen. Deshalb kann er nicht f\u00fcr alle Angaben garantieren.<br \/>\nAuch Links kann er nicht st\u00e4ndig \u00fcberpr\u00fcfen. F\u00fcr die verlinkten Internetseiten haftet allein ihr Betreiber.<br \/>\nFehler oder Kritik kann jeder der Redaktion mitteilen. Dazu kann er einfach eine Mail schicken.<br \/>\n<a href=\"https:\/\/leichte.news\" target=\"_top\">leichte.news<\/a><br \/>\nRedaktionsleitung: Franz-Josef Hanke<br \/>\nLeckerg\u00e4\u00dfchen 2<br \/>\nD-35037 Marburg<br \/>\nTel. 06421\/6 66 16<br \/>\nE-Mail: r e d @ leichte.news<br \/>\nInternet: <a href=\"https:\/\/leichte.news\">www.leichte.news<\/a><br \/>\nund <a href=\"http:\/\/leichtenews.de\" target=\"_blank\">www.leichte-news.de<\/a><br \/>\n<a href=\"https:\/\/leichte.news\/audio\/1.mp3\"><img data-recalc-dims=\"1\" decoding=\"async\" src=\"https:\/\/i0.wp.com\/hoer.leichte.news\/play.jpg?resize=20%2C20\" alt=\"Abspielen\" width=\"20\" height=\"20\"><\/a><br \/>\nM\u00f6chtest Du diesen Text h\u00f6ren? Du kannst Ihn Dir hier auch <a href=\"https:\/\/leichte.news\/audio\/1.mp3\">vorlesen<\/a> lassen.<\/p>\n","protected":false},"excerpt":{"rendered":"<p>In Marburg passieren viele Dinge. Dar\u00fcber sollen die Menschen schnell Bescheid wissen. Manche verstehen schwierige Texte aber nicht gut. Deshalb bringt marburg.news ganz wichtige Nachrichten auch in Leichter Sprache. leichte.news ist die Schwester von marburg.news. Das ist eine Onlinezeitung f\u00fcr <a class=\"more-link\" href=\"https:\/\/leichte.news\/?page_id=2\">weiterlesen  <span class=\"screen-reader-text\">  Impressum<\/span><span class=\"meta-nav\">&rarr;<\/span><\/a><\/p>\n","protected":false},"author":1,"featured_media":0,"parent":0,"menu_order":0,"comment_status":"closed","ping_status":"open","template":"","meta":{"jetpack_post_was_ever_published":false,"footnotes":""},"class_list":["post-2","page","type-page","status-publish","hentry"],"jetpack_sharing_enabled":true,"jetpack_shortlink":"https:\/\/wp.me\/P8mLFQ-2","jetpack_likes_enabled":true,"_links":{"self":[{"href":"https:\/\/leichte.news\/index.php?rest_route=\/wp\/v2\/pages\/2","targetHints":{"allow":["GET"]}}],"collection":[{"href":"https:\/\/leichte.news\/index.php?rest_route=\/wp\/v2\/pages"}],"about":[{"href":"https:\/\/leichte.news\/index.php?rest_route=\/wp\/v2\/types\/page"}],"author":[{"embeddable":true,"href":"https:\/\/leichte.news\/index.php?rest_route=\/wp\/v2\/users\/1"}],"replies":[{"embeddable":true,"href":"https:\/\/leichte.news\/index.php?rest_route=%2Fwp%2Fv2%2Fcomments&post=2"}],"version-history":[{"count":4,"href":"https:\/\/leichte.news\/index.php?rest_route=\/wp\/v2\/pages\/2\/revisions"}],"predecessor-version":[{"id":47,"href":"https:\/\/leichte.news\/index.php?rest_route=\/wp\/v2\/pages\/2\/revisions\/47"}],"wp:attachment":[{"href":"https:\/\/leichte.news\/index.php?rest_route=%2Fwp%2Fv2%2Fmedia&parent=2"}],"curies":[{"name":"wp","href":"https:\/\/api.w.org\/{rel}","templated":true}]}}